{"id":2,"date":"2013-01-06T05:03:24","date_gmt":"2013-01-06T05:03:24","guid":{"rendered":"http:\/\/hugolemay.com\/?page_id=2"},"modified":"2014-12-09T10:58:24","modified_gmt":"2014-12-09T10:58:24","slug":"sample-page","status":"publish","type":"page","link":"http:\/\/hugolemay.com\/?page_id=2","title":{"rendered":"Oeuvre d\u00e9taill\u00e9e Sol"},"content":{"rendered":"<p><strong>Oeuvre d\u00e9taill\u00e9e<\/strong><\/p>\n<p><strong>Je Persifle et Je Singe<\/strong><\/p>\n<p>1 Une bonne place 03:35<br \/>\n2 Le vuln\u00e9rable 07:52<br \/>\n3 La Recyclette 04:04<br \/>\n4 La belle affaire 07:55<br \/>\n5 Le plusillanime 08:24<br \/>\n6 Le sportifiant 12:53<br \/>\n7 La t\u00eate chercheuse 13:26<br \/>\n8 La paix! 08:27<\/p>\n<p><strong>Le retour aux souches<\/strong><\/p>\n<p>1 Le solide \u00e0 terre 15:45<br \/>\n2 L&#8217;adversit\u00e9 05:10<br \/>\n3 Le cr\u00e9puscule des vieux 04:14<br \/>\n4 L&#8217;odieux visuel (Le photograve) 04:45<br \/>\n5 Le fier monde 17:54<br \/>\n<a title=\"P\u00f4vres petites couleurs\" href=\"http:\/\/hugolemay.com\/?p=167\">6 P\u00f4vres petites couleurs 08:15<\/a><br \/>\n7 Les oeufs limpides 14:50<\/p>\n<p><strong>Le retour aux souches 2<\/strong><\/p>\n<p><a title=\"Les oisifs \u2013 Sol Marc Favreau\" href=\"http:\/\/hugolemay.com\/?p=242\">1 Les oisifs 01:55<\/a><br \/>\n2 La cl\u00e9 anglaise (le bourreau) 9:27<br \/>\n<a title=\"La cellulite\" href=\"http:\/\/hugolemay.com\/?p=248\">3 La cellulite 2:35<\/a><br \/>\n4 Cauchemar sur une psycatalogne 6:40<br \/>\n5 Cin\u00e9malomanie 15:39<br \/>\n6 Le g\u00e9ant 6:13<br \/>\n7 Faut faire l&#8217;enfant 7:38<br \/>\n8 Les trous 3:35<br \/>\n9 Y a pas de feu sans fum\u00e9e 7:25<br \/>\n10 Le retour aux souches 8:26<\/p>\n<p><strong>Le retour aux souches disque 2<\/strong><\/p>\n<p>1 Le dispendieu 12:04<br \/>\n2 La carte de cr\u00e9dule 10:05<br \/>\n3 Le fou du roi 4:25<br \/>\n<a title=\"Fleur de fenouil\" href=\"http:\/\/hugolemay.com\/?p=69\">4 Fleur de fenouil 2:52<\/a><br \/>\n5 L&#8217;archimec 9:06<br \/>\n6 M\u00e9dicalmant parlant 17:11<br \/>\n7 La plainte auqatique 18:41<\/p>\n<p><strong>Le retour aux souches&#8230; la suite<\/strong><\/p>\n<p>1 Le premier venu 10:55<br \/>\n2 L&#8217;appel de la carri\u00e8re 16:25<br \/>\n3 La justice sans balance 22:42<br \/>\n4 L&#8217;altesse de l&#8217;air 12:28<br \/>\n5 Le costaunaute 09:25<\/p>\n<p><strong>Rien d&#8217;\u00e9tonnant! (1\u00e8re partie)<\/strong><\/p>\n<p>Comment la grande noire s\u0153ur devint la belle trop mince 21:29<br \/>\nComment la grande noire s\u0153ur devint la belle trop mince 7:55<br \/>\nTravaller c&#8217;est dur (surtout quand on sait rien faire) 11:10<br \/>\nLe cr\u00e9puscule des vieux 4:20<\/p>\n<p><strong>Rien d&#8217;\u00e9tonnant! (2e partie)<\/strong><\/p>\n<p>Complainte au garnement 3:50<br \/>\n<a title=\"P\u00f4vres petites couleurs\" href=\"http:\/\/hugolemay.com\/?p=167\">La p\u00f4vre petite couleur 8:15<\/a><br \/>\nLe photograve 3:08<br \/>\nL&#8217;odieux visuel 4:00<br \/>\nL&#8217;odieux visuel 1:15<br \/>\nLe fier monde 8:00<br \/>\nla petite d\u00e9ception 3:12<br \/>\nLa grande d\u00e9ception mondaine 8:58<br \/>\nLa d\u00e9mocrasseuse 1:30<\/p>\n<p><strong>Enfin Sol<\/strong><\/p>\n<p>Les cadeaux 8:45<br \/>\n<a title=\"Le bout d'jouet\" href=\"http:\/\/hugolemay.com\/?p=193\">Le bout d&#8217;jouet 6:20<\/a><br \/>\nLa transe canadienne 12:32<br \/>\nLe solide \u00e0 terre 12:28<br \/>\nLes \u0153ufs limpides 10:11<br \/>\nL&#8217;adversit\u00e9 3:25<\/p>\n<p><strong>Je m&#8217;\u00e9galomane \u00e0 moi-m\u00eame..!<\/strong><\/p>\n<p>Monsieur le pr\u00e9c\u00e9dent 2:45<br \/>\nSouvenirs d&#8217;un manteau 6:08<br \/>\n<a title=\"Les oisifs \u2013 Sol Marc Favreau\" href=\"http:\/\/hugolemay.com\/?p=242\">Les oisifs 2:28<\/a><br \/>\nLe g\u00e9ant de l&#8217;air 2:41<br \/>\nLes colombes 5:22<\/p>\n<p>Comment dompter son manteau 6:46<br \/>\n<a title=\"Lettre \u00e0 un absent manteau\" href=\"http:\/\/hugolemay.com\/?p=79\">Lettre \u00e0 un absent manteau 3:23<\/a><br \/>\nUn manteau ne revient jamais seul 5:46<br \/>\n\u00c0 une petite marie honn\u00eate 4:32<br \/>\n<a title=\"La pur\u00e9e culture \u2013 Marc Favreau Sol\" href=\"http:\/\/hugolemay.com\/?p=217\">La pur\u00e9e culture 3:32<\/a><\/p>\n<p>Petit r\u00eave<br \/>\nCouchemard sur une psychatalogne<br \/>\nLe bourreau<br \/>\nLa cl\u00e9f verbal<br \/>\nMur-\u00e0-mur et porte-\u00e0-porte<br \/>\n<a title=\"La cellulite\" href=\"http:\/\/hugolemay.com\/?p=248\">La cellulite<\/a><br \/>\n<a title=\"Fleur de Fenouil Marc Favreau Sol\" href=\"http:\/\/hugolemay.com\/?p=69\">Fleur de fenouil<\/a><br \/>\nTr\u00eave de valse<br \/>\nCin\u00e9malomanie<\/p>\n<p><strong><span style=\"line-height: 1.714285714; font-size: 1rem;\">Autres<\/span><\/strong><\/p>\n<p><a title=\"Fl\u00fbte Alors!\" href=\"http:\/\/hugolemay.com\/?p=118\">Fl\u00fbte Alors!<\/a><\/p>\n<p><a title=\"La colle\" href=\"http:\/\/hugolemay.com\/?p=8\">La colle<\/a><\/p>\n<p>&nbsp;<\/p>\n","protected":false},"excerpt":{"rendered":"<p>Oeuvre d\u00e9taill\u00e9e Je Persifle et Je Singe 1 Une bonne place 03:35 2 Le vuln\u00e9rable 07:52 3 La Recyclette 04:04 4 La belle affaire 07:55 5 Le plusillanime 08:24 6 Le sportifiant 12:53 7 La t\u00eate chercheuse 13:26 8 La paix! 08:27 Le retour aux souches 1 Le solide \u00e0 terre 15:45 2 L&#8217;adversit\u00e9 05:10 [&hellip;]<\/p>\n","protected":false},"author":1,"featured_media":0,"parent":0,"menu_order":0,"comment_status":"open","ping_status":"open","template":"","meta":[],"_links":{"self":[{"href":"http:\/\/hugolemay.com\/index.php?rest_route=\/wp\/v2\/pages\/2"}],"collection":[{"href":"http:\/\/hugolemay.com\/index.php?rest_route=\/wp\/v2\/pages"}],"about":[{"href":"http:\/\/hugolemay.com\/index.php?rest_route=\/wp\/v2\/types\/page"}],"author":[{"embeddable":true,"href":"http:\/\/hugolemay.com\/index.php?rest_route=\/wp\/v2\/users\/1"}],"replies":[{"embeddable":true,"href":"http:\/\/hugolemay.com\/index.php?rest_route=%2Fwp%2Fv2%2Fcomments&post=2"}],"version-history":[{"count":7,"href":"http:\/\/hugolemay.com\/index.php?rest_route=\/wp\/v2\/pages\/2\/revisions"}],"predecessor-version":[{"id":291,"href":"http:\/\/hugolemay.com\/index.php?rest_route=\/wp\/v2\/pages\/2\/revisions\/291"}],"wp:attachment":[{"href":"http:\/\/hugolemay.com\/index.php?rest_route=%2Fwp%2Fv2%2Fmedia&parent=2"}],"curies":[{"name":"wp","href":"https:\/\/api.w.org\/{rel}","templated":true}]}}