{"id":22,"date":"2013-01-06T14:55:15","date_gmt":"2013-01-06T14:55:15","guid":{"rendered":"http:\/\/hugolemay.com\/?page_id=22"},"modified":"2014-12-09T10:56:36","modified_gmt":"2014-12-09T10:56:36","slug":"qui-suis-je","status":"publish","type":"page","link":"http:\/\/hugolemay.com\/?page_id=22","title":{"rendered":"Biographie Marc Favreau"},"content":{"rendered":"<p>Marc Favreau avec son personnage Sol m&#8217;inspire et\u00a0continuera\u00a0de m&#8217;inspirer encore longtemps.<\/p>\n<h1 id=\"firstHeading\" lang=\"fr\">Marc Favreau<\/h1>\n<div id=\"bodyContent\">\n<div id=\"contentSub\"><\/div>\n<div id=\"jump-to-nav\"><\/div>\n<div id=\"mw-content-text\" dir=\"ltr\" lang=\"fr\">\n<p><b>Marc Favreau<\/b>\u00a0(<a title=\"Montr\u00e9al\" href=\"http:\/\/fr.wikipedia.org\/wiki\/Montr%C3%A9al\">Montr\u00e9al<\/a>,\u00a0<a title=\"Qu\u00e9bec\" href=\"http:\/\/fr.wikipedia.org\/wiki\/Qu%C3%A9bec\">Qu\u00e9bec<\/a>\u00a0(<a title=\"Canada\" href=\"http:\/\/fr.wikipedia.org\/wiki\/Canada\">Canada<\/a>),\u00a0<a title=\"9 novembre\" href=\"http:\/\/fr.wikipedia.org\/wiki\/9_novembre\">9<\/a>\u00a0<a title=\"Novembre\" href=\"http:\/\/fr.wikipedia.org\/wiki\/Novembre\">novembre<\/a>\u00a0<a title=\"1929\" href=\"http:\/\/fr.wikipedia.org\/wiki\/1929\">1929<\/a>\u00a0&#8211;\u00a0<a title=\"Montr\u00e9al\" href=\"http:\/\/fr.wikipedia.org\/wiki\/Montr%C3%A9al\">Montr\u00e9al<\/a>,\u00a0<a title=\"17 d\u00e9cembre\" href=\"http:\/\/fr.wikipedia.org\/wiki\/17_d%C3%A9cembre\">17<\/a>\u00a0<a title=\"D\u00e9cembre 2005\" href=\"http:\/\/fr.wikipedia.org\/wiki\/D%C3%A9cembre_2005\">d\u00e9cembre<\/a>\u00a0<a title=\"2005\" href=\"http:\/\/fr.wikipedia.org\/wiki\/2005\">2005<\/a>) est un\u00a0<a title=\"Humoriste\" href=\"http:\/\/fr.wikipedia.org\/wiki\/Humoriste\">humoriste<\/a>\u00a0et\u00a0<a title=\"Acteur\" href=\"http:\/\/fr.wikipedia.org\/wiki\/Acteur\">com\u00e9dien<\/a>\u00a0<a title=\"Canada\" href=\"http:\/\/fr.wikipedia.org\/wiki\/Canada\">canadien<\/a>\u00a0(<a title=\"Qu\u00e9bec\" href=\"http:\/\/fr.wikipedia.org\/wiki\/Qu%C3%A9bec\">qu\u00e9b\u00e9cois<\/a>).<\/p>\n<p>Il est principalement connu pour son personnage de\u00a0<b><a title=\"Sol (personnage)\" href=\"http:\/\/fr.wikipedia.org\/wiki\/Sol_(personnage)\">Sol<\/a><\/b>, le\u00a0<a title=\"Clown\" href=\"http:\/\/fr.wikipedia.org\/wiki\/Clown\">clown<\/a>\u00a0<a title=\"Clochard\" href=\"http:\/\/fr.wikipedia.org\/wiki\/Clochard\">clochard<\/a>. Ses textes \u00e0 la fois na\u00effs, po\u00e9tiques et humoristiques ont fait le bonheur du public, aussi bien au Canada que dans la francophonie.<\/p>\n<table id=\"toc\">\n<tbody>\n<tr>\n<td>\n<div id=\"toctitle\">\n<h2>Sommaire<\/h2>\n<p>[<a id=\"togglelink\" href=\"http:\/\/fr.wikipedia.org\/wiki\/Marc_Favreau#\">masquer<\/a>]<\/p>\n<\/div>\n<ul>\n<li><a href=\"http:\/\/fr.wikipedia.org\/wiki\/Marc_Favreau#Biographie\">1\u00a0Biographie<\/a><\/li>\n<li><a href=\"http:\/\/fr.wikipedia.org\/wiki\/Marc_Favreau#Le_personnage_de_Sol\">2\u00a0Le personnage de Sol<\/a>\n<ul>\n<li><a href=\"http:\/\/fr.wikipedia.org\/wiki\/Marc_Favreau#Citations\">2.1\u00a0Citations<\/a><\/li>\n<\/ul>\n<\/li>\n<li><a href=\"http:\/\/fr.wikipedia.org\/wiki\/Marc_Favreau#T.C3.A9l.C3.A9vision_et_cin.C3.A9ma\">3\u00a0T\u00e9l\u00e9vision et cin\u00e9ma<\/a>\n<ul>\n<li><a href=\"http:\/\/fr.wikipedia.org\/wiki\/Marc_Favreau#Acteur\">3.1\u00a0Acteur<\/a><\/li>\n<li><a href=\"http:\/\/fr.wikipedia.org\/wiki\/Marc_Favreau#Sc.C3.A9nariste\">3.2\u00a0Sc\u00e9nariste<\/a><\/li>\n<\/ul>\n<\/li>\n<li><a href=\"http:\/\/fr.wikipedia.org\/wiki\/Marc_Favreau#Discographie\">4\u00a0Discographie<\/a>\n<ul>\n<li><a href=\"http:\/\/fr.wikipedia.org\/wiki\/Marc_Favreau#Album_33_tours\">4.1\u00a0Album 33 tours<\/a><\/li>\n<li><a href=\"http:\/\/fr.wikipedia.org\/wiki\/Marc_Favreau#Disque_compact\">4.2\u00a0Disque compact<\/a><\/li>\n<\/ul>\n<\/li>\n<li><a href=\"http:\/\/fr.wikipedia.org\/wiki\/Marc_Favreau#Vid.C3.A9ographie\">5\u00a0Vid\u00e9ographie<\/a><\/li>\n<li><a href=\"http:\/\/fr.wikipedia.org\/wiki\/Marc_Favreau#Bibliographie\">6\u00a0Bibliographie<\/a><\/li>\n<li><a href=\"http:\/\/fr.wikipedia.org\/wiki\/Marc_Favreau#Prix_et_distinctions\">7\u00a0Prix et distinctions<\/a><\/li>\n<li><a href=\"http:\/\/fr.wikipedia.org\/wiki\/Marc_Favreau#Notes_et_r.C3.A9f.C3.A9rences\">8\u00a0Notes et r\u00e9f\u00e9rences<\/a><\/li>\n<li><a href=\"http:\/\/fr.wikipedia.org\/wiki\/Marc_Favreau#Voir_aussi\">9\u00a0Voir aussi<\/a>\n<ul>\n<li><a href=\"http:\/\/fr.wikipedia.org\/wiki\/Marc_Favreau#Article_connexe\">9.1\u00a0Article connexe<\/a><\/li>\n<li><a href=\"http:\/\/fr.wikipedia.org\/wiki\/Marc_Favreau#Liens_externes\">9.2\u00a0Liens externes<\/a><\/li>\n<\/ul>\n<\/li>\n<\/ul>\n<\/td>\n<\/tr>\n<\/tbody>\n<\/table>\n<h2>Biographie<\/h2>\n<p>Marc Favreau fait ses \u00e9tudes \u00e0 l&#8217;<a title=\"Acad\u00e9mie Querbes (page inexistante)\" href=\"http:\/\/fr.wikipedia.org\/w\/index.php?title=Acad%C3%A9mie_Querbes&amp;action=edit&amp;redlink=1\">Acad\u00e9mie Querbes<\/a>\u00a0d&#8217;Outremont et \u00e0 l&#8217;Universit\u00e9 Sir Georges William, aujourd&#8217;hui connue sous le nom de l&#8217;<a title=\"Universit\u00e9 Concordia\" href=\"http:\/\/fr.wikipedia.org\/wiki\/Universit%C3%A9_Concordia\">Universit\u00e9 Concordia<\/a>\u00a0\u00e0 Montr\u00e9al. Son dipl\u00f4me obtenu, il veut se diriger vers la r\u00e9alisation de d\u00e9cors de th\u00e9\u00e2tre.<\/p>\n<p>En\u00a0<a title=\"1950\" href=\"http:\/\/fr.wikipedia.org\/wiki\/1950\">1950<\/a>, il commence sa carri\u00e8re de com\u00e9dien au\u00a0<a title=\"Th\u00e9\u00e2tre du nouveau monde\" href=\"http:\/\/fr.wikipedia.org\/wiki\/Th%C3%A9%C3%A2tre_du_nouveau_monde\">Th\u00e9\u00e2tre du nouveau monde<\/a>\u00a0\u00e0 Montr\u00e9al, dans\u00a0<i><a title=\"Dom Juan ou le Festin de Pierre\" href=\"http:\/\/fr.wikipedia.org\/wiki\/Dom_Juan_ou_le_Festin_de_Pierre\">Dom Juan<\/a><\/i>\u00a0de\u00a0<a title=\"Moli\u00e8re\" href=\"http:\/\/fr.wikipedia.org\/wiki\/Moli%C3%A8re\">Moli\u00e8re<\/a>, o\u00f9 il tient le r\u00f4le de Pierrot. Au m\u00eame moment, il d\u00e9bute \u00e0 la t\u00e9l\u00e9vision dans\u00a0<i><a title=\"Le Survenant (feuilleton t\u00e9l\u00e9vis\u00e9)\" href=\"http:\/\/fr.wikipedia.org\/wiki\/Le_Survenant_(feuilleton_t%C3%A9l%C3%A9vis%C3%A9)\">le Survenant<\/a><\/i>\u00a0et\u00a0<i><a title=\"14, rue de Galais\" href=\"http:\/\/fr.wikipedia.org\/wiki\/14,_rue_de_Galais\">14, rue de Galais<\/a><\/i>.<\/p>\n<p>\u00c0 partir de\u00a0<a title=\"1958\" href=\"http:\/\/fr.wikipedia.org\/wiki\/1958\">1958<\/a>, apr\u00e8s un s\u00e9jour \u00e0\u00a0<a title=\"Paris\" href=\"http:\/\/fr.wikipedia.org\/wiki\/Paris\">Paris<\/a>, il obtient le r\u00f4le de\u00a0<a title=\"Sol (personnage)\" href=\"http:\/\/fr.wikipedia.org\/wiki\/Sol_(personnage)\">Sol<\/a>\u00a0dans l&#8217;\u00e9mission\u00a0<i><a title=\"La Bo\u00eete \u00e0 surprises\" href=\"http:\/\/fr.wikipedia.org\/wiki\/La_Bo%C3%AEte_%C3%A0_surprises\">La Bo\u00eete \u00e0 surprises<\/a><\/i>\u00a0de\u00a0<a title=\"T\u00e9l\u00e9vision de Radio-Canada\" href=\"http:\/\/fr.wikipedia.org\/wiki\/T%C3%A9l%C3%A9vision_de_Radio-Canada\">Radio-Canada<\/a>. Dans le cadre de cette \u00e9mission, il fera partie de plusieurs duos de clowns:\u00a0<i>Bim et Sol<\/i><sup id=\"cite_ref-1\"><a href=\"http:\/\/fr.wikipedia.org\/wiki\/Marc_Favreau#cite_note-1\">1<\/a><\/sup>,\u00a0<i>Sol et Bouton<\/i><sup id=\"cite_ref-2\"><a href=\"http:\/\/fr.wikipedia.org\/wiki\/Marc_Favreau#cite_note-2\">2<\/a><\/sup>\u00a0et\u00a0<i>Sol et Biscuit<\/i><sup id=\"cite_ref-3\"><a href=\"http:\/\/fr.wikipedia.org\/wiki\/Marc_Favreau#cite_note-3\">3<\/a><\/sup>. De 1963 \u00e0 1967, Marc Favreau incarnera \u00e9galement le r\u00f4le de\u00a0<i>Berlingot<\/i>\u00a0dans\u00a0<a title=\"Les Croquignoles\" href=\"http:\/\/fr.wikipedia.org\/wiki\/Les_Croquignoles\">les Croquignoles<\/a>. De 1968 \u00e0 1971, il reprendra son r\u00f4le de Sol dans la s\u00e9rie\u00a0<i><a title=\"Sol et Gobelet\" href=\"http:\/\/fr.wikipedia.org\/wiki\/Sol_et_Gobelet\">Sol et Gobelet<\/a><\/i><sup id=\"cite_ref-4\"><a href=\"http:\/\/fr.wikipedia.org\/wiki\/Marc_Favreau#cite_note-4\">4<\/a><\/sup>. Dans les ann\u00e9es suivantes, soit sur une p\u00e9riode de trente ans, il reprend le personnage sur diff\u00e9rentes sc\u00e8nes \u00e0 travers le<a title=\"Canada\" href=\"http:\/\/fr.wikipedia.org\/wiki\/Canada\">Canada<\/a>, la\u00a0<a title=\"France\" href=\"http:\/\/fr.wikipedia.org\/wiki\/France\">France<\/a>, la\u00a0<a title=\"Belgique\" href=\"http:\/\/fr.wikipedia.org\/wiki\/Belgique\">Belgique<\/a>\u00a0et autres pays francophones. Il r\u00e9alisa quelques albums, dont\u00a0<i>Je m\u00e9galomane \u00e0 moi-m\u00eame<\/i>, en\u00a0<a title=\"1977\" href=\"http:\/\/fr.wikipedia.org\/wiki\/1977\">1977<\/a>.<\/p>\n<p>Il d\u00e9c\u00e8de du cancer \u00e0 l&#8217;\u00e2ge de 76 ans \u00e0 l&#8217;<a title=\"H\u00f4pital Notre-Dame\" href=\"http:\/\/fr.wikipedia.org\/wiki\/H%C3%B4pital_Notre-Dame\">h\u00f4pital Notre-Dame<\/a>\u00a0\u00e0\u00a0<a title=\"Montr\u00e9al\" href=\"http:\/\/fr.wikipedia.org\/wiki\/Montr%C3%A9al\">Montr\u00e9al<\/a>. Il \u00e9tait mari\u00e9 \u00e0 la com\u00e9dienne\u00a0<a title=\"Micheline G\u00e9rin\" href=\"http:\/\/fr.wikipedia.org\/wiki\/Micheline_G%C3%A9rin\">Micheline G\u00e9rin<\/a>.<\/p>\n<p>Une biblioth\u00e8que portant son nom, sera am\u00e9nag\u00e9e sur le site des anciens ateliers municipaux au 700 rue Rosemont \u00e0 Montr\u00e9al en 2012<sup id=\"cite_ref-5\"><a href=\"http:\/\/fr.wikipedia.org\/wiki\/Marc_Favreau#cite_note-5\">5<\/a><\/sup>. Il a \u00e9t\u00e9 membre de l&#8217;<a title=\"Ordre des francophones d'Am\u00e9rique\" href=\"http:\/\/fr.wikipedia.org\/wiki\/Ordre_des_francophones_d%27Am%C3%A9rique\">ordre des francophones d&#8217;Am\u00e9rique<\/a>. Une \u00e9cole dans le quartier Notre-Dame-De-Grace portera aussi son nom en hommage.<\/p>\n<h2>Le personnage de Sol<\/h2>\n<p>Sol \u00ab\u00a0prend les mots pour d&#8217;autres\u00a0\u00bb, les m\u00e9lange et les malaxe pour le plus grand d\u00e9lice de son public, et pour mieux lui d\u00e9peindre \u00e0 quel point il (lui, le public) est en train de mettre le monde tout \u00e0 l&#8217;envers. Il n&#8217;a accept\u00e9 d&#8217;endosser qu&#8217;une seule cause durant les quelque quarante-sept ann\u00e9es de bonheur qu&#8217;il a offert aux francophones de tous \u00e2ges\u00a0: la pr\u00e9servation de l&#8217;eau. \u00ab\u00a0Nous avons envers elle une conduite imbuvable!\u00a0\u00bb<\/p>\n<p>Bien que cr\u00e9\u00e9 au\u00a0<a title=\"Qu\u00e9bec\" href=\"http:\/\/fr.wikipedia.org\/wiki\/Qu%C3%A9bec\">Qu\u00e9bec<\/a>\u00a0et populaire dans tout le\u00a0<a title=\"Canada\" href=\"http:\/\/fr.wikipedia.org\/wiki\/Canada\">Canada<\/a>\u00a0fran\u00e7ais, Sol utilise peu de\u00a0<a title=\"Qu\u00e9b\u00e9cisme\" href=\"http:\/\/fr.wikipedia.org\/wiki\/Qu%C3%A9b%C3%A9cisme\">qu\u00e9b\u00e9cismes<\/a>\u00a0et ses\u00a0<a title=\"Monologue\" href=\"http:\/\/fr.wikipedia.org\/wiki\/Monologue\">monologues<\/a>\u00a0sont g\u00e9n\u00e9ralement compris dans toute la\u00a0<a title=\"Francophonie\" href=\"http:\/\/fr.wikipedia.org\/wiki\/Francophonie\">francophonie<\/a>.<\/p>\n<h3>Citations[<a title=\"Modifier la section : Citations\" href=\"http:\/\/fr.wikipedia.org\/w\/index.php?title=Marc_Favreau&amp;action=edit&amp;section=3\">modifier<\/a>]<\/h3>\n<ul>\n<li>\u00ab\u00a0On a beau avoir fait le sot toute sa vie, le plus dur c&#8217;est le dernier moribond.\u00a0\u00bb<\/li>\n<li>\u00ab\u00a0Si tous les po\u00e8tes voulaient se donner la main, ils toucheraient enfin des doigts d&#8217;auteur!\u00a0\u00bb<\/li>\n<li>\u00ab\u00a0La vanille appartient \u00e0 ceux qui se l\u00e8vent t\u00f4t; il faudrait \u00e9crire \u00e7a tous les soirs dans son cornet.\u00a0\u00bb<\/li>\n<li>\u00ab\u00a0Si vous donnez \u00e0 un pirate de l&#8217;air, faut pas vous attendre \u00e0 ce qu&#8217;il vous rende la pareille!\u00bb<\/li>\n<li>\u00ab\u00a0J&#8217;assomme mes responsabilit\u00e9s.\u00a0\u00bb<\/li>\n<li>\u00ab\u00a0\u00c0 force de se faire traiter de vagabond \u00e0 rien&#8230;\u00a0\u00bb<\/li>\n<li>\u00ab\u00a0Je m&#8217;\u00e9galomane \u00e0 moi-m\u00eame&#8230;!\u00a0\u00bb<\/li>\n<li>\u00ab\u00a0Les photographes font tout un plat de leurs lentilles, et ensuite ils courent travailler au noir. \u00c7a n&#8217;impressionne personne!\u00a0\u00bb<\/li>\n<li>\u00ab\u00a0Je vous le dis mes dents et mes yeux, pr\u00eatez moi une oreille \u00e0 tentatives&#8230;\u00a0\u00bb<\/li>\n<\/ul>\n<\/div>\n<\/div>\n<p><a href=\"http:\/\/creativecommons.org\/licenses\/by-sa\/3.0\/deed.fr\">Contenu soumis \u00e0 la licence CC-BY-SA<\/a>. Source : Article <em><a href=\"\/\/fr.wikipedia.org\/wiki\/Marc_Favreau\">Marc Favreau<\/a><\/em> de <a href=\"\/\/fr.wikipedia.org\/\">Wikip\u00e9dia en fran\u00e7ais<\/a><\/p>\n","protected":false},"excerpt":{"rendered":"<p>Marc Favreau avec son personnage Sol m&#8217;inspire et\u00a0continuera\u00a0de m&#8217;inspirer encore longtemps. Marc Favreau Marc Favreau\u00a0(Montr\u00e9al,\u00a0Qu\u00e9bec\u00a0(Canada),\u00a09\u00a0novembre\u00a01929\u00a0&#8211;\u00a0Montr\u00e9al,\u00a017\u00a0d\u00e9cembre\u00a02005) est un\u00a0humoriste\u00a0et\u00a0com\u00e9dien\u00a0canadien\u00a0(qu\u00e9b\u00e9cois). Il est principalement connu pour son personnage de\u00a0Sol, le\u00a0clown\u00a0clochard. Ses textes \u00e0 la fois na\u00effs, po\u00e9tiques et humoristiques ont fait le bonheur du public, aussi bien au Canada que dans la francophonie. Sommaire [masquer] 1\u00a0Biographie 2\u00a0Le personnage de [&hellip;]<\/p>\n","protected":false},"author":1,"featured_media":0,"parent":0,"menu_order":0,"comment_status":"open","ping_status":"open","template":"","meta":[],"_links":{"self":[{"href":"http:\/\/hugolemay.com\/index.php?rest_route=\/wp\/v2\/pages\/22"}],"collection":[{"href":"http:\/\/hugolemay.com\/index.php?rest_route=\/wp\/v2\/pages"}],"about":[{"href":"http:\/\/hugolemay.com\/index.php?rest_route=\/wp\/v2\/types\/page"}],"author":[{"embeddable":true,"href":"http:\/\/hugolemay.com\/index.php?rest_route=\/wp\/v2\/users\/1"}],"replies":[{"embeddable":true,"href":"http:\/\/hugolemay.com\/index.php?rest_route=%2Fwp%2Fv2%2Fcomments&post=22"}],"version-history":[{"count":6,"href":"http:\/\/hugolemay.com\/index.php?rest_route=\/wp\/v2\/pages\/22\/revisions"}],"predecessor-version":[{"id":290,"href":"http:\/\/hugolemay.com\/index.php?rest_route=\/wp\/v2\/pages\/22\/revisions\/290"}],"wp:attachment":[{"href":"http:\/\/hugolemay.com\/index.php?rest_route=%2Fwp%2Fv2%2Fmedia&parent=22"}],"curies":[{"name":"wp","href":"https:\/\/api.w.org\/{rel}","templated":true}]}}